{"id":9301,"date":"2021-03-19T03:01:23","date_gmt":"2021-03-19T02:01:23","guid":{"rendered":"https:\/\/himmelfahrt.it\/impressum-datenschutz\/"},"modified":"2026-04-03T11:57:18","modified_gmt":"2026-04-03T09:57:18","slug":"impressum-datenschutz","status":"publish","type":"page","link":"https:\/\/himmelfahrt.it\/it\/impressum-datenschutz\/","title":{"rendered":"Impronta e protezione dei dati"},"content":{"rendered":"\t\t<div data-elementor-type=\"wp-page\" data-elementor-id=\"9301\" class=\"elementor elementor-9301 elementor-5365\" data-elementor-post-type=\"page\">\n\t\t\t\t\t\t<section class=\"elementor-section elementor-inner-section elementor-element elementor-element-60b5a71c elementor-section-gap-beside-no elementor-section-full_width elementor-section-height-default elementor-section-height-default elementor-section-column-vertical-align-stretch\" data-id=\"60b5a71c\" data-element_type=\"section\" data-e-type=\"section\">\n\t\t\t\t\t\t<div class=\"elementor-container elementor-column-gap-extended\">\n\t\t\t\t\t<div class=\"elementor-column elementor-col-100 elementor-inner-column elementor-element elementor-element-6f9f402a\" data-id=\"6f9f402a\" data-element_type=\"column\" data-e-type=\"column\">\n\t\t\t<div class=\"elementor-widget-wrap elementor-element-populated\">\n\t\t\t\t\t\t<div class=\"elementor-element elementor-element-31959572 elementor-widget elementor-widget-image\" data-id=\"31959572\" data-element_type=\"widget\" data-e-type=\"widget\" data-widget_type=\"image.default\">\n\t\t\t\t<div class=\"elementor-widget-container\">\n\t\t\t\t\t\t\t\t\t\t\t\t\t\t\t<img decoding=\"async\" width=\"1\" height=\"1\" src=\"https:\/\/himmelfahrt.it\/wp-content\/uploads\/2023\/04\/HausHimmelfahrt_Logo_lachs_Zeichenflaeche-1.svg\" class=\"attachment-medium size-medium wp-image-8871\" alt=\"\" \/>\t\t\t\t\t\t\t\t\t\t\t\t\t\t\t<\/div>\n\t\t\t\t<\/div>\n\t\t\t\t\t<\/div>\n\t\t<\/div>\n\t\t\t\t\t<\/div>\n\t\t<\/section>\n\t\t\t\t<section class=\"elementor-section elementor-top-section elementor-element elementor-element-e8664ae elementor-section-boxed elementor-section-gap-beside-yes elementor-section-height-default elementor-section-height-default elementor-section-content-align-center elementor-section-column-vertical-align-stretch\" data-id=\"e8664ae\" data-element_type=\"section\" data-e-type=\"section\">\n\t\t\t\t\t\t<div class=\"elementor-container elementor-column-gap-extended\">\n\t\t\t\t\t<div class=\"elementor-column elementor-col-100 elementor-top-column elementor-element elementor-element-04c001d\" data-id=\"04c001d\" data-element_type=\"column\" data-e-type=\"column\">\n\t\t\t<div class=\"elementor-widget-wrap elementor-element-populated\">\n\t\t\t\t\t\t<div class=\"elementor-element elementor-element-952bf65 elementor-widget elementor-widget-nuss-heading\" data-id=\"952bf65\" data-element_type=\"widget\" data-e-type=\"widget\" data-widget_type=\"nuss-heading.default\">\n\t\t\t\t<div class=\"elementor-widget-container\">\n\t\t\t\t\t\t\t<div class=\"nuss-modern-heading\">\r\n\t\t\t\t\t\t<div class=\"heading-secondary-wrap\">\r\n\t\t\t\t<span class=\"heading-secondary elementor-heading-title\">Altre informazioni interessanti<\/span>\t\t\t<\/div>\r\n\t\t\r\n\t\t\t\t\t\t<div class=\"heading-primary-wrap\">\r\n\t\t\t\t<h3 class=\"heading-primary elementor-heading-title\">Impronta e protezione dei dati<\/h3>\t\t\t<\/div>\r\n\t\t\r\n\t\t\t\r\n\t\t\t\t\t<\/div>\r\n\t\t\t\t\t<\/div>\n\t\t\t\t<\/div>\n\t\t\t\t<div class=\"elementor-element elementor-element-5723872 elementor-widget elementor-widget-text-editor\" data-id=\"5723872\" data-element_type=\"widget\" data-e-type=\"widget\" data-widget_type=\"text-editor.default\">\n\t\t\t\t<div class=\"elementor-widget-container\">\n\t\t\t\t\t\t\t\t\t<p>La Casa Maria Assunta \u00e8 utilizzata e gestita privatamente dalla famiglia Toggenburg.<\/p>\n<p>Si affitta quindi da privato a privato. Certo, siamo dilettanti e non professionisti del turismo. Ci\u00f2 non toglie nulla al nostro desiderio di professionalit\u00e0 e di seriet\u00e0. Se le cose non sono come all&#8217;Hotel Ritz di Parigi, forse potete concentrarvi sul fascino di una piccola casa in cima alla montagna, e non sentirvi delusi? Ad ogni caso, una cosa \u00e8 certa: ci impegniamo ogni giorno per fare un po&#8217; meglio del giorno prima.<\/p>\n<h3>Responsabilit\u00e0 e motivazion<\/h3>\n<p>Gabriel N. Toggenburg \u00e8 responsabile di Casa Maria Assunta e del contenuto di questo sito web. Con Casa Maria Assunta desidera fare qualcosa di pi\u00f9 che offrire semplicemente l\u2019ennesima casa vacanze. Si tratta di dare un esempio di sostenibilit\u00e0 e creare un modo per rendere le vacanze sostenibili e autonome per tutti. Vuole dimostrare che l&#8217;accessibilit\u00e0 non va nascosta, ma promossa. Perch\u00e9 i giorni in cui l&#8217;accessibilit\u00e0 era qualcosa per &#8220;altri&#8221; si spera siano finiti. Casa Maria Assunta mostra anche che accessibile non significa dover scendere a compromessi sul piano estetico. Il nostro <a href=\"https:\/\/himmelfahrt.it\/3d-flip-book\/vademecum\/\">Vademecum<\/a>in lingua tedesca offre ulteriori spiegazioni su queste idee, sulla casa e i suoi dintorni.<\/p>\n<h3>Sito e immagini<\/h3>\n<p>Questo sito web \u00e8 stato realizzato da HONRATH &amp; ESTERH\u00c1ZY OG. L&#8217;agenzia si trova in Taubstummengasse 6\/3, A 1040 Vienna. Ringraziamo e raccomandiamo Sophie Esterh\u00e1zy e Nini Trauttenberg contatto:<a href=\"mailto:office@honrath-esterhazy.com\">office@honrath-esterhazy.com<\/a>. La maggior parte delle immagini sul nostro sito Web provengono dalle mani professionali di Marlene Rahmann e sono protette da diritto d\u2019autore. Se anche voi desiderate foto cos\u00ec belle, potete contattarla al seguente indirizzo: <a href=\"mailto:office@marlenerahmann.com\">office@marlenerahmann.com<\/a><\/p>\n<h3>Responsabilit\u00e0 e tutela legale<\/h3>\n<p>Il nostro sito web contiene alcuni collegamenti a siti web esterni. Anche per noi vale la solita avvertenza: non ci assumiamo alcuna responsabilit\u00e0 per i contenuti esterni. <br \/>E a proposito di responsabilit\u00e0: i download e le copie di questo sito sono consentiti solo per uso privato e non commerciale.<\/p>\n<h3>Protezione dei dati<\/h3>\n<p>Non vogliamo prendere dati, ma dare tempo al tempo.<\/p>\n<p>Ci sono dichiarazioni sulla privacy che sono pi\u00f9 lunghe della Bibbia, ma c&#8217;\u00e8 un modo pi\u00f9 semplice per chiarire questo aspetto: interferiamo il meno possibile con la protezione dei vostri dati. Nessuna newsletter, nessun modulo di contatto, nessun carrello d\u2019acquisto, nessun sondaggio. Tutto \u00e8 abbastanza semplice. Non abbiamo alcun interesse a raccogliere dati. Dipende interamente da voi se volete contattarci per posta elettronica.<\/p>\n<p>Tuttavia, il nostro sito Web, come qualsiasi altro, memorizza alcuni dati. Questo \u00e8 esplicitamente menzionato. Il provider del nostro sito Web raccoglie e memorizza informazioni che il tuo browser ci trasmette automaticamente. Si tratta delle seguenti informazioni: pagine visitate sul nostro sito, data e ora della richiesta del server, tipo e versione del vostro browser, sistema operativo utilizzato, URL di riferimento, nome host del computer di accesso e indirizzo IP. Questi dati vengono conservati per un massimo di 14 giorni.<\/p>\n<p>Va inoltre sottolineato che utilizziamo un plug-in di YouTube. Questo dice a YouTube che il vostro indirizzo IP ha navigato sul nostro sito. E utilizziamo i cookie, ovvero piccoli file di testo che il vostro browser memorizza sul vostro dispositivo finale. I cookie aiutano a rendere l&#8217;offerta pi\u00f9 facile da usare, pi\u00f9 efficace e pi\u00f9 sicura. I <span style=\"font-size: 11.0pt; line-height: 107%; font-family: 'Calibri',sans-serif; mso-ascii-theme-font: minor-latin; mso-fareast-font-family: Calibri; mso-fareast-theme-font: minor-latin; mso-hansi-theme-font: minor-latin; mso-bidi-font-family: 'Times New Roman'; mso-bidi-theme-font: minor-bidi; mso-ansi-language: DE-AT; mso-fareast-language: EN-US; mso-bidi-language: AR-SA;\">&#8220;cookie di sessione&#8221;<\/span> vengono automaticamente cancellati al termine della sessione del browser. D&#8217;altra parte, altri cookie rimangono sul vostro dispositivo fino a quando voi non li eliminate. Tali cookie aiutano a riconoscere il nostro sito web. \u00c8 possibile monitorare, limitare o impedire l&#8217;impostazione dei cookie tramite le impostazioni del browser. Infine, occorre notare che potremmo utilizzare Google Analytics. Anche questo servizio di analisi web utilizza i <span style=\"font-size: 11.0pt; line-height: 107%; font-family: 'Calibri',sans-serif; mso-ascii-theme-font: minor-latin; mso-fareast-font-family: Calibri; mso-fareast-theme-font: minor-latin; mso-hansi-theme-font: minor-latin; mso-bidi-font-family: 'Times New Roman'; mso-bidi-theme-font: minor-bidi; mso-ansi-language: DE-AT; mso-fareast-language: EN-US; mso-bidi-language: AR-SA;\">cookie<\/span>. I cookie di Google Analytics sono utilizzati sulla base dell&#8217;articolo 6, paragrafo 1, lettera f) del regolamento generale sulla protezione dei dati dell\u2019Unione Europea. \u00c8 possibile bloccare la raccolta di dati relativi al vostro utilizzo del sito web, compreso il vostro indirizzo IP e la successiva elaborazione da parte di Google, scaricando e installando il plug-in del browser disponibile al seguente link: https:\/\/tools.google.com\/dlpage\/gaoptout?hl=it. Il diritto europeo conferisce tutta una serie di diritti in materia di protezione dei dati, come la revoca del consenso al trattamento dei dati, il diritto di presentare un reclamo all&#8217;autorit\u00e0 di controllo competente, il diritto alla portabilit\u00e0 dei dati, il diritto all&#8217;informazione, alla rettifica, alla cancellazione, ecc. Dopo tutto, l&#8217;UE ha i suoi vantaggi, come si pu\u00f2 leggere anche in <span style=\"font-size: 11.0pt; line-height: 107%; font-family: 'Calibri',sans-serif; mso-ascii-theme-font: minor-latin; mso-fareast-font-family: Calibri; mso-fareast-theme-font: minor-latin; mso-hansi-theme-font: minor-latin; mso-bidi-font-family: 'Times New Roman'; mso-bidi-theme-font: minor-bidi; mso-ansi-language: DE-AT; mso-fareast-language: EN-US; mso-bidi-language: AR-SA;\">\u201e<\/span><a href=\"https:\/\/www.autonomyexperience.org\/wp-content\/uploads\/2022\/04\/101BlickeEU_280422.pdf\">100 sguardi dell&#8217;Europa dell&#8217;U<\/a>&#8221; (in lingua tedesca). Ma, come ho detto, la Casa Maria Assunta non \u00e8 interessata ai vostri dati, ma alla vostra vacanza.<\/p>\n\t\t\t\t\t\t\t\t<\/div>\n\t\t\t\t<\/div>\n\t\t\t\t\t<\/div>\n\t\t<\/div>\n\t\t\t\t\t<\/div>\n\t\t<\/section>\n\t\t\t\t<\/div>\n\t\t","protected":false},"excerpt":{"rendered":"<p>Altre informazioni interessanti Impronta e protezione dei dati La Casa Maria Assunta \u00e8 utilizzata e gestita privatamente dalla famiglia Toggenburg. Si affitta quindi da privato a privato. Certo, siamo dilettanti e non professionisti del turismo. Ci\u00f2 non toglie nulla al nostro desiderio di professionalit\u00e0 e di seriet\u00e0. Se le cose non sono come all&#8217;Hotel Ritz [&hellip;]<\/p>\n","protected":false},"author":1,"featured_media":0,"parent":0,"menu_order":0,"comment_status":"closed","ping_status":"open","template":"","meta":{"om_disable_all_campaigns":false,"_monsterinsights_skip_tracking":false,"_monsterinsights_sitenote_active":false,"_monsterinsights_sitenote_note":"","_monsterinsights_sitenote_category":0,"footnotes":""},"class_list":["post-9301","page","type-page","status-publish","hentry","post-no-thumbnail"],"aioseo_notices":[],"_links":{"self":[{"href":"https:\/\/himmelfahrt.it\/it\/wp-json\/wp\/v2\/pages\/9301","targetHints":{"allow":["GET"]}}],"collection":[{"href":"https:\/\/himmelfahrt.it\/it\/wp-json\/wp\/v2\/pages"}],"about":[{"href":"https:\/\/himmelfahrt.it\/it\/wp-json\/wp\/v2\/types\/page"}],"author":[{"embeddable":true,"href":"https:\/\/himmelfahrt.it\/it\/wp-json\/wp\/v2\/users\/1"}],"replies":[{"embeddable":true,"href":"https:\/\/himmelfahrt.it\/it\/wp-json\/wp\/v2\/comments?post=9301"}],"version-history":[{"count":3,"href":"https:\/\/himmelfahrt.it\/it\/wp-json\/wp\/v2\/pages\/9301\/revisions"}],"predecessor-version":[{"id":12003,"href":"https:\/\/himmelfahrt.it\/it\/wp-json\/wp\/v2\/pages\/9301\/revisions\/12003"}],"wp:attachment":[{"href":"https:\/\/himmelfahrt.it\/it\/wp-json\/wp\/v2\/media?parent=9301"}],"curies":[{"name":"wp","href":"https:\/\/api.w.org\/{rel}","templated":true}]}}